{"id":621,"date":"2017-07-19T21:21:56","date_gmt":"2017-07-19T18:21:56","guid":{"rendered":"https:\/\/nutskoykkyri.fi\/?page_id=621"},"modified":"2025-08-21T14:15:23","modified_gmt":"2025-08-21T14:15:23","slug":"register","status":"publish","type":"page","link":"https:\/\/nutskoykkyri.fi\/en\/register\/","title":{"rendered":"Join Us!"},"content":{"rendered":"<div id=\"divRRRegStart\" class=\"RRRegStart\"><\/div>\n        <script type=\"text\/javascript\" src=\"https:\/\/my.raceresult.com\/RRRegStart\/load.js.php?lang=en\"><\/script>\n        <script type=\"text\/javascript\">\n            var rrp=new RRRegStart(document.getElementById(\"divRRRegStart\"), 356356);\n            rrp.ShowInfoText=true;\n        <\/script>\n\n\n<style>.kt-accordion-id621_a5e0aa-1b .kt-accordion-inner-wrap{column-gap:var(--global-kb-gap-md, 2rem);row-gap:10px;}.kt-accordion-id621_a5e0aa-1b .kt-accordion-panel-inner{border-top:0px solid transparent;border-right:1px solid transparent;border-bottom:1px solid transparent;border-left:1px solid transparent;background:#ffffff;padding-top:var(--global-kb-spacing-sm, 1.5rem);padding-right:var(--global-kb-spacing-sm, 1.5rem);padding-bottom:var(--global-kb-spacing-sm, 1.5rem);padding-left:var(--global-kb-spacing-sm, 1.5rem);}.kt-accordion-id621_a5e0aa-1b > .kt-accordion-inner-wrap > .wp-block-kadence-pane > .kt-accordion-header-wrap > .kt-blocks-accordion-header{border-top:1px solid #2d430d;border-right:1px solid #2d430d;border-bottom:1px solid #2d430d;border-left:2px solid #2d430d;border-top-left-radius:0px;border-top-right-radius:0px;border-bottom-right-radius:0px;border-bottom-left-radius:0px;background:#2d430d;font-size:18px;line-height:24px;color:#ffffff;padding-top:14px;padding-right:16px;padding-bottom:14px;padding-left:16px;}.kt-accordion-id621_a5e0aa-1b:not( .kt-accodion-icon-style-basiccircle ):not( .kt-accodion-icon-style-xclosecircle ):not( .kt-accodion-icon-style-arrowcircle )  > .kt-accordion-inner-wrap > .wp-block-kadence-pane > .kt-accordion-header-wrap .kt-blocks-accordion-icon-trigger:after, .kt-accordion-id621_a5e0aa-1b:not( .kt-accodion-icon-style-basiccircle ):not( .kt-accodion-icon-style-xclosecircle ):not( .kt-accodion-icon-style-arrowcircle )  > .kt-accordion-inner-wrap > .wp-block-kadence-pane > .kt-accordion-header-wrap .kt-blocks-accordion-icon-trigger:before{background:#ffffff;}.kt-accordion-id621_a5e0aa-1b:not( .kt-accodion-icon-style-basic ):not( .kt-accodion-icon-style-xclose ):not( .kt-accodion-icon-style-arrow ) .kt-blocks-accordion-icon-trigger{background:#ffffff;}.kt-accordion-id621_a5e0aa-1b:not( .kt-accodion-icon-style-basic ):not( .kt-accodion-icon-style-xclose ):not( .kt-accodion-icon-style-arrow ) .kt-blocks-accordion-icon-trigger:after, .kt-accordion-id621_a5e0aa-1b:not( .kt-accodion-icon-style-basic ):not( .kt-accodion-icon-style-xclose ):not( .kt-accodion-icon-style-arrow ) .kt-blocks-accordion-icon-trigger:before{background:#2d430d;}.kt-accordion-id621_a5e0aa-1b > .kt-accordion-inner-wrap > .wp-block-kadence-pane > .kt-accordion-header-wrap > .kt-blocks-accordion-header:hover, \n\t\t\t\tbody:not(.hide-focus-outline) .kt-accordion-id621_a5e0aa-1b .kt-blocks-accordion-header:focus-visible{color:var(--global-palette9, #ffffff);background:#2d430d;border-top:1px solid #d4d4d4;border-right:1px solid #d4d4d4;border-bottom:1px solid #d4d4d4;border-left:2px solid #d4d4d4;}.kt-accordion-id621_a5e0aa-1b:not( .kt-accodion-icon-style-basiccircle ):not( .kt-accodion-icon-style-xclosecircle ):not( .kt-accodion-icon-style-arrowcircle ) .kt-accordion-header-wrap .kt-blocks-accordion-header:hover .kt-blocks-accordion-icon-trigger:after, .kt-accordion-id621_a5e0aa-1b:not( .kt-accodion-icon-style-basiccircle ):not( .kt-accodion-icon-style-xclosecircle ):not( .kt-accodion-icon-style-arrowcircle ) .kt-accordion-header-wrap .kt-blocks-accordion-header:hover .kt-blocks-accordion-icon-trigger:before, body:not(.hide-focus-outline) .kt-accordion-id621_a5e0aa-1b:not( .kt-accodion-icon-style-basiccircle ):not( .kt-accodion-icon-style-xclosecircle ):not( .kt-accodion-icon-style-arrowcircle ) .kt-blocks-accordion--visible .kt-blocks-accordion-icon-trigger:after, body:not(.hide-focus-outline) .kt-accordion-id621_a5e0aa-1b:not( .kt-accodion-icon-style-basiccircle ):not( .kt-accodion-icon-style-xclosecircle ):not( .kt-accodion-icon-style-arrowcircle ) .kt-blocks-accordion-header:focus-visible .kt-blocks-accordion-icon-trigger:before{background:var(--global-palette9, #ffffff);}.kt-accordion-id621_a5e0aa-1b:not( .kt-accodion-icon-style-basic ):not( .kt-accodion-icon-style-xclose ):not( .kt-accodion-icon-style-arrow ) .kt-accordion-header-wrap .kt-blocks-accordion-header:hover .kt-blocks-accordion-icon-trigger, body:not(.hide-focus-outline) .kt-accordion-id621_a5e0aa-1b:not( .kt-accodion-icon-style-basic ):not( .kt-accodion-icon-style-xclose ):not( .kt-accodion-icon-style-arrow ) .kt-accordion-header-wrap .kt-blocks-accordion-header:focus-visible .kt-blocks-accordion-icon-trigger{background:var(--global-palette9, #ffffff);}.kt-accordion-id621_a5e0aa-1b:not( .kt-accodion-icon-style-basic ):not( .kt-accodion-icon-style-xclose ):not( .kt-accodion-icon-style-arrow ) .kt-accordion-header-wrap .kt-blocks-accordion-header:hover .kt-blocks-accordion-icon-trigger:after, .kt-accordion-id621_a5e0aa-1b:not( .kt-accodion-icon-style-basic ):not( .kt-accodion-icon-style-xclose ):not( .kt-accodion-icon-style-arrow ) .kt-accordion-header-wrap .kt-blocks-accordion-header:hover .kt-blocks-accordion-icon-trigger:before, body:not(.hide-focus-outline) .kt-accordion-id621_a5e0aa-1b:not( .kt-accodion-icon-style-basic ):not( .kt-accodion-icon-style-xclose ):not( .kt-accodion-icon-style-arrow ) .kt-accordion-header-wrap .kt-blocks-accordion-header:focus-visible .kt-blocks-accordion-icon-trigger:after, body:not(.hide-focus-outline) .kt-accordion-id621_a5e0aa-1b:not( .kt-accodion-icon-style-basic ):not( .kt-accodion-icon-style-xclose ):not( .kt-accodion-icon-style-arrow ) .kt-accordion-header-wrap .kt-blocks-accordion-header:focus-visible .kt-blocks-accordion-icon-trigger:before{background:#2d430d;}.kt-accordion-id621_a5e0aa-1b .kt-accordion-header-wrap .kt-blocks-accordion-header:focus-visible,\n\t\t\t\t.kt-accordion-id621_a5e0aa-1b > .kt-accordion-inner-wrap > .wp-block-kadence-pane > .kt-accordion-header-wrap > .kt-blocks-accordion-header.kt-accordion-panel-active{color:var(--global-palette9, #ffffff);background:#2d430d;border-top:1px solid #eeeeee;border-right:1px solid #eeeeee;border-bottom:1px solid #eeeeee;border-left:2px solid #0e9cd1;}.kt-accordion-id621_a5e0aa-1b:not( .kt-accodion-icon-style-basiccircle ):not( .kt-accodion-icon-style-xclosecircle ):not( .kt-accodion-icon-style-arrowcircle )  > .kt-accordion-inner-wrap > .wp-block-kadence-pane > .kt-accordion-header-wrap > .kt-blocks-accordion-header.kt-accordion-panel-active .kt-blocks-accordion-icon-trigger:after, .kt-accordion-id621_a5e0aa-1b:not( .kt-accodion-icon-style-basiccircle ):not( .kt-accodion-icon-style-xclosecircle ):not( .kt-accodion-icon-style-arrowcircle )  > .kt-accordion-inner-wrap > .wp-block-kadence-pane > .kt-accordion-header-wrap > .kt-blocks-accordion-header.kt-accordion-panel-active .kt-blocks-accordion-icon-trigger:before{background:var(--global-palette9, #ffffff);}.kt-accordion-id621_a5e0aa-1b:not( .kt-accodion-icon-style-basic ):not( .kt-accodion-icon-style-xclose ):not( .kt-accodion-icon-style-arrow ) .kt-blocks-accordion-header.kt-accordion-panel-active .kt-blocks-accordion-icon-trigger{background:var(--global-palette9, #ffffff);}.kt-accordion-id621_a5e0aa-1b:not( .kt-accodion-icon-style-basic ):not( .kt-accodion-icon-style-xclose ):not( .kt-accodion-icon-style-arrow ) .kt-blocks-accordion-header.kt-accordion-panel-active .kt-blocks-accordion-icon-trigger:after, .kt-accordion-id621_a5e0aa-1b:not( .kt-accodion-icon-style-basic ):not( .kt-accodion-icon-style-xclose ):not( .kt-accodion-icon-style-arrow ) .kt-blocks-accordion-header.kt-accordion-panel-active .kt-blocks-accordion-icon-trigger:before{background:#2d430d;}@media all and (max-width: 1024px){.kt-accordion-id621_a5e0aa-1b .kt-accordion-panel-inner{border-top:0px solid transparent;border-right:1px solid transparent;border-bottom:1px solid transparent;border-left:1px solid transparent;}}@media all and (max-width: 1024px){.kt-accordion-id621_a5e0aa-1b > .kt-accordion-inner-wrap > .wp-block-kadence-pane > .kt-accordion-header-wrap > .kt-blocks-accordion-header{border-top:1px solid #2d430d;border-right:1px solid #2d430d;border-bottom:1px solid #2d430d;border-left:2px solid #2d430d;}}@media all and (max-width: 1024px){.kt-accordion-id621_a5e0aa-1b > .kt-accordion-inner-wrap > .wp-block-kadence-pane > .kt-accordion-header-wrap > .kt-blocks-accordion-header:hover, \n\t\t\t\tbody:not(.hide-focus-outline) .kt-accordion-id621_a5e0aa-1b .kt-blocks-accordion-header:focus-visible{border-top:1px solid #d4d4d4;border-right:1px solid #d4d4d4;border-bottom:1px solid #d4d4d4;border-left:2px solid #d4d4d4;}}@media all and (max-width: 1024px){.kt-accordion-id621_a5e0aa-1b .kt-accordion-header-wrap .kt-blocks-accordion-header:focus-visible,\n\t\t\t\t.kt-accordion-id621_a5e0aa-1b > .kt-accordion-inner-wrap > .wp-block-kadence-pane > .kt-accordion-header-wrap > .kt-blocks-accordion-header.kt-accordion-panel-active{border-top:1px solid #eeeeee;border-right:1px solid #eeeeee;border-bottom:1px solid #eeeeee;border-left:2px solid #0e9cd1;}}@media all and (max-width: 767px){.kt-accordion-id621_a5e0aa-1b .kt-accordion-inner-wrap{display:block;}.kt-accordion-id621_a5e0aa-1b .kt-accordion-inner-wrap .kt-accordion-pane:not(:first-child){margin-top:10px;}.kt-accordion-id621_a5e0aa-1b .kt-accordion-panel-inner{border-top:0px solid transparent;border-right:1px solid transparent;border-bottom:1px solid transparent;border-left:1px solid transparent;}.kt-accordion-id621_a5e0aa-1b > .kt-accordion-inner-wrap > .wp-block-kadence-pane > .kt-accordion-header-wrap > .kt-blocks-accordion-header{border-top:1px solid #2d430d;border-right:1px solid #2d430d;border-bottom:1px solid #2d430d;border-left:2px solid #2d430d;}.kt-accordion-id621_a5e0aa-1b > .kt-accordion-inner-wrap > .wp-block-kadence-pane > .kt-accordion-header-wrap > .kt-blocks-accordion-header:hover, \n\t\t\t\tbody:not(.hide-focus-outline) .kt-accordion-id621_a5e0aa-1b .kt-blocks-accordion-header:focus-visible{border-top:1px solid #d4d4d4;border-right:1px solid #d4d4d4;border-bottom:1px solid #d4d4d4;border-left:2px solid #d4d4d4;}.kt-accordion-id621_a5e0aa-1b .kt-accordion-header-wrap .kt-blocks-accordion-header:focus-visible,\n\t\t\t\t.kt-accordion-id621_a5e0aa-1b > .kt-accordion-inner-wrap > .wp-block-kadence-pane > .kt-accordion-header-wrap > .kt-blocks-accordion-header.kt-accordion-panel-active{border-top:1px solid #eeeeee;border-right:1px solid #eeeeee;border-bottom:1px solid #eeeeee;border-left:2px solid #0e9cd1;}}<\/style>\n<div class=\"wp-block-kadence-accordion alignnone\"><div class=\"kt-accordion-wrap kt-accordion-id621_a5e0aa-1b kt-accordion-has-3-panes kt-active-pane-0 kt-accordion-block kt-pane-header-alignment-left kt-accodion-icon-style-arrow kt-accodion-icon-side-right\" style=\"max-width:none\"><div class=\"kt-accordion-inner-wrap\" data-allow-multiple-open=\"false\" data-start-open=\"none\">\n<div class=\"wp-block-kadence-pane kt-accordion-pane kt-accordion-pane-1 kt-pane621_31339d-dd\"><div class=\"kt-accordion-header-wrap\"><button class=\"kt-blocks-accordion-header kt-acccordion-button-label-show\" type=\"button\"><span class=\"kt-blocks-accordion-title-wrap\"><span class=\"kt-blocks-accordion-title\">Other fees<\/span><\/span><span class=\"kt-blocks-accordion-icon-trigger\"><\/span><\/button><\/div><div class=\"kt-accordion-panel kt-accordion-panel-hidden\"><div class=\"kt-accordion-panel-inner\"><style>.kb-table-container39_238fb3-dc{overflow-x:auto;}.kb-table39_238fb3-dc td:nth-of-type(1), .kb-table39_238fb3-dc th:nth-of-type(1){width:70%;}.kb-table39_238fb3-dc{table-layout:fixed;width:100%;}.kb-table-container .kb-table39_238fb3-dc th{padding-top:var(--global-kb-spacing-xxs, 0.5rem);padding-right:var(--global-kb-spacing-xxs, 0.5rem);padding-bottom:var(--global-kb-spacing-xxs, 0.5rem);padding-left:var(--global-kb-spacing-xxs, 0.5rem);text-align:center;}.kb-table-container .kb-table39_238fb3-dc td{padding-top:var(--global-kb-spacing-xxs, 0.5rem);padding-right:var(--global-kb-spacing-xxs, 0.5rem);padding-bottom:var(--global-kb-spacing-xxs, 0.5rem);padding-left:var(--global-kb-spacing-xxs, 0.5rem);text-align:left;}.kb-table-container .kb-table39_238fb3-dc tr:nth-of-type(even){background-color:var(--global-palette8, #F7FAFC);}.kb-table-container .kb-table39_238fb3-dc td, .kb-table39_238fb3-dc th{border-top:0px solid transparent;border-right:0px solid transparent;border-bottom:0px solid transparent;border-left:0px solid transparent;}@media all and (max-width: 1024px){.kb-table-container .kb-table39_238fb3-dc td, .kb-table39_238fb3-dc th{border-top:0px solid transparent;border-right:0px solid transparent;border-bottom:0px solid transparent;border-left:0px solid transparent;}}@media all and (max-width: 767px){.kb-table-container .kb-table39_238fb3-dc td, .kb-table39_238fb3-dc th{border-top:0px solid transparent;border-right:0px solid transparent;border-bottom:0px solid transparent;border-left:0px solid transparent;}}<\/style><div class=\"kb-table-container kb-table-container39_238fb3-dc wp-block-kadence-table\"><table class=\"kb-table kb-table39_238fb3-dc\">\n<tr class=\"kb-table-row kb-table-row39_3747b8-3e\">\n<td class=\"kb-table-data kb-table-data39_1631dd-82\">\n\n<figure class=\"wp-block-table\"><table class=\"has-fixed-layout\"><tbody><tr><td>Zoomer-juoksubonus osallistumismaksusta 1999 ja my\u00f6hemmin syntyneet<br>Zoomer Run Rebate on the participation fee for those born in 1999 or later.<\/td><\/tr><\/tbody><\/table><\/figure>\n\n<\/39_1631dd-82>\n\n<td class=\"kb-table-data kb-table-data39_2236b3-e4\">\n\n<figure class=\"wp-block-table\"><table class=\"has-fixed-layout\"><tbody><tr><td>-30%<\/td><\/tr><\/tbody><\/table><\/figure>\n\n<\/39_2236b3-e4>\n<\/tr>\n\n<tr class=\"kb-table-row kb-table-row39_6551c4-9c\">\n<td class=\"kb-table-data kb-table-data39_723e98-82\">\n\n<p><strong>Ilmoittautumistietojen muutokset ja siirrot<br>Registration changes and transfers<\/strong><\/p>\n\n<\/39_723e98-82>\n\n<td class=\"kb-table-data kb-table-data39_4a6b66-19\">\n\n<p><\/p>\n\n<\/39_4a6b66-19>\n<\/tr>\n\n<tr class=\"kb-table-row kb-table-row39_540162-2a\">\n<td class=\"kb-table-data kb-table-data39_1572a4-b4\">\n\n<figure class=\"wp-block-table is-style-regular\"><table class=\"has-fixed-layout\"><tbody><tr><td>26.8.2025 alkaen tehdyt ilmoittautumiset 10.11.2025 asti \/ j\u00e4lkihinta<br>Registrations made from 26 Autumn 2025 Until November 10 \/ after<\/td><\/tr><\/tbody><\/table><\/figure>\n\n<\/39_1572a4-b4>\n\n<td class=\"kb-table-data kb-table-data39_493737-11\">\n\n<figure class=\"wp-block-table\"><table class=\"has-fixed-layout\"><tbody><tr><td>0 \u20ac \/ 19 \u20ac<\/td><\/tr><\/tbody><\/table><\/figure>\n\n<\/39_493737-11>\n<\/tr>\n<\/table><\/div><\/div><\/div><\/div>\n\n\n\n<div class=\"wp-block-kadence-pane kt-accordion-pane kt-accordion-pane-3 kt-pane621_a78a38-0c\"><div class=\"kt-accordion-header-wrap\"><button class=\"kt-blocks-accordion-header kt-acccordion-button-label-show\" type=\"button\"><span class=\"kt-blocks-accordion-title-wrap\"><span class=\"kt-blocks-accordion-title\">Cancellations and transfers<\/span><\/span><span class=\"kt-blocks-accordion-icon-trigger\"><\/span><\/button><\/div><div class=\"kt-accordion-panel kt-accordion-panel-hidden\"><div class=\"kt-accordion-panel-inner\">\n<p>You can transfer your participation rights to another person or to the following year through the self-service link you received upon registration. If you&#8217;ve lost the link, contact <a href=\"mailto:info@nuts.fi\">info@nuts.fi<\/a>. Participation fees are non-refundable, but you can change your race category by paying the difference in fees. Within two weeks of the event, any changes require an additional change fee.<\/p>\n<\/div><\/div><\/div>\n<\/div><\/div><\/div>\n","protected":false},"excerpt":{"rendered":"","protected":false},"author":1,"featured_media":565,"parent":0,"menu_order":0,"comment_status":"closed","ping_status":"closed","template":"","meta":{"_kad_blocks_custom_css":"","_kad_blocks_head_custom_js":"","_kad_blocks_body_custom_js":"","_kad_blocks_footer_custom_js":"","_kad_post_transparent":"","_kad_post_title":"","_kad_post_layout":"","_kad_post_sidebar_id":"","_kad_post_content_style":"","_kad_post_vertical_padding":"","_kad_post_feature":"","_kad_post_feature_position":"","_kad_post_header":false,"_kad_post_footer":false,"_kad_post_classname":"","footnotes":""},"class_list":["post-621","page","type-page","status-publish","has-post-thumbnail","hentry"],"yoast_head":"<!-- This site is optimized with the Yoast SEO plugin v26.8 - https:\/\/yoast.com\/product\/yoast-seo-wordpress\/ -->\n<title>Join Us! - NUTS K\u00f6ykkyri<\/title>\n<meta name=\"robots\" content=\"index, follow, max-snippet:-1, max-image-preview:large, max-video-preview:-1\" \/>\n<link rel=\"canonical\" href=\"https:\/\/nutskoykkyri.fi\/en\/register\/\" \/>\n<meta property=\"og:locale\" content=\"en_US\" \/>\n<meta property=\"og:type\" content=\"article\" \/>\n<meta property=\"og:title\" content=\"Join Us! - NUTS K\u00f6ykkyri\" \/>\n<meta property=\"og:url\" content=\"https:\/\/nutskoykkyri.fi\/en\/register\/\" \/>\n<meta property=\"og:site_name\" content=\"NUTS K\u00f6ykkyri\" \/>\n<meta property=\"article:modified_time\" content=\"2025-08-21T14:15:23+00:00\" \/>\n<meta property=\"og:image\" content=\"https:\/\/media.nuts.fi\/wp-content\/uploads\/sites\/9\/2024\/08\/28141650\/NUTS-Koykkyri-2023-Rami-Valonen-HIGHRES-25.jpg\" \/>\n\t<meta property=\"og:image:width\" content=\"1024\" \/>\n\t<meta property=\"og:image:height\" content=\"683\" \/>\n\t<meta property=\"og:image:type\" content=\"image\/jpeg\" \/>\n<meta name=\"twitter:card\" content=\"summary_large_image\" \/>\n<script type=\"application\/ld+json\" class=\"yoast-schema-graph\">{\"@context\":\"https:\/\/schema.org\",\"@graph\":[{\"@type\":\"WebPage\",\"@id\":\"https:\/\/nutskoykkyri.fi\/en\/register\/\",\"url\":\"https:\/\/nutskoykkyri.fi\/en\/register\/\",\"name\":\"Join Us! - NUTS K\u00f6ykkyri\",\"isPartOf\":{\"@id\":\"https:\/\/nutskoykkyri.fi\/en\/#website\"},\"primaryImageOfPage\":{\"@id\":\"https:\/\/nutskoykkyri.fi\/en\/register\/#primaryimage\"},\"image\":{\"@id\":\"https:\/\/nutskoykkyri.fi\/en\/register\/#primaryimage\"},\"thumbnailUrl\":\"https:\/\/media.nuts.fi\/wp-content\/uploads\/sites\/9\/2024\/08\/28141650\/NUTS-Koykkyri-2023-Rami-Valonen-HIGHRES-25.jpg\",\"datePublished\":\"2017-07-19T18:21:56+00:00\",\"dateModified\":\"2025-08-21T14:15:23+00:00\",\"breadcrumb\":{\"@id\":\"https:\/\/nutskoykkyri.fi\/en\/register\/#breadcrumb\"},\"inLanguage\":\"en-US\",\"potentialAction\":[{\"@type\":\"ReadAction\",\"target\":[\"https:\/\/nutskoykkyri.fi\/en\/register\/\"]}]},{\"@type\":\"ImageObject\",\"inLanguage\":\"en-US\",\"@id\":\"https:\/\/nutskoykkyri.fi\/en\/register\/#primaryimage\",\"url\":\"https:\/\/media.nuts.fi\/wp-content\/uploads\/sites\/9\/2024\/08\/28141650\/NUTS-Koykkyri-2023-Rami-Valonen-HIGHRES-25.jpg\",\"contentUrl\":\"https:\/\/media.nuts.fi\/wp-content\/uploads\/sites\/9\/2024\/08\/28141650\/NUTS-Koykkyri-2023-Rami-Valonen-HIGHRES-25.jpg\",\"width\":1024,\"height\":683},{\"@type\":\"BreadcrumbList\",\"@id\":\"https:\/\/nutskoykkyri.fi\/en\/register\/#breadcrumb\",\"itemListElement\":[{\"@type\":\"ListItem\",\"position\":1,\"name\":\"Etusivu\",\"item\":\"https:\/\/nutskoykkyri.fi\/en\/\"},{\"@type\":\"ListItem\",\"position\":2,\"name\":\"Join Us!\"}]},{\"@type\":\"WebSite\",\"@id\":\"https:\/\/nutskoykkyri.fi\/en\/#website\",\"url\":\"https:\/\/nutskoykkyri.fi\/en\/\",\"name\":\"NUTS K\u00f6ykkyri\",\"description\":\"Ei. Mit\u00e4\u00e4n. J\u00e4rke\u00e4. Ja taas menn\u00e4\u00e4n!\",\"publisher\":{\"@id\":\"https:\/\/nutskoykkyri.fi\/en\/#organization\"},\"potentialAction\":[{\"@type\":\"SearchAction\",\"target\":{\"@type\":\"EntryPoint\",\"urlTemplate\":\"https:\/\/nutskoykkyri.fi\/en\/?s={search_term_string}\"},\"query-input\":{\"@type\":\"PropertyValueSpecification\",\"valueRequired\":true,\"valueName\":\"search_term_string\"}}],\"inLanguage\":\"en-US\"},{\"@type\":\"Organization\",\"@id\":\"https:\/\/nutskoykkyri.fi\/en\/#organization\",\"name\":\"NUTS K\u00f6ykkyri\",\"url\":\"https:\/\/nutskoykkyri.fi\/en\/\",\"logo\":{\"@type\":\"ImageObject\",\"inLanguage\":\"en-US\",\"@id\":\"https:\/\/nutskoykkyri.fi\/en\/#\/schema\/logo\/image\/\",\"url\":\"https:\/\/media.nuts.fi\/wp-content\/uploads\/sites\/9\/2025\/01\/28141659\/nuts-koykkyri-white.svg\",\"contentUrl\":\"https:\/\/media.nuts.fi\/wp-content\/uploads\/sites\/9\/2025\/01\/28141659\/nuts-koykkyri-white.svg\",\"caption\":\"NUTS K\u00f6ykkyri\"},\"image\":{\"@id\":\"https:\/\/nutskoykkyri.fi\/en\/#\/schema\/logo\/image\/\"}}]}<\/script>\n<!-- \/ Yoast SEO plugin. -->","yoast_head_json":{"title":"Join Us! - NUTS K\u00f6ykkyri","robots":{"index":"index","follow":"follow","max-snippet":"max-snippet:-1","max-image-preview":"max-image-preview:large","max-video-preview":"max-video-preview:-1"},"canonical":"https:\/\/nutskoykkyri.fi\/en\/register\/","og_locale":"en_US","og_type":"article","og_title":"Join Us! - NUTS K\u00f6ykkyri","og_url":"https:\/\/nutskoykkyri.fi\/en\/register\/","og_site_name":"NUTS K\u00f6ykkyri","article_modified_time":"2025-08-21T14:15:23+00:00","og_image":[{"width":1024,"height":683,"url":"https:\/\/media.nuts.fi\/wp-content\/uploads\/sites\/9\/2024\/08\/28141650\/NUTS-Koykkyri-2023-Rami-Valonen-HIGHRES-25.jpg","type":"image\/jpeg"}],"twitter_card":"summary_large_image","schema":{"@context":"https:\/\/schema.org","@graph":[{"@type":"WebPage","@id":"https:\/\/nutskoykkyri.fi\/en\/register\/","url":"https:\/\/nutskoykkyri.fi\/en\/register\/","name":"Join Us! - NUTS K\u00f6ykkyri","isPartOf":{"@id":"https:\/\/nutskoykkyri.fi\/en\/#website"},"primaryImageOfPage":{"@id":"https:\/\/nutskoykkyri.fi\/en\/register\/#primaryimage"},"image":{"@id":"https:\/\/nutskoykkyri.fi\/en\/register\/#primaryimage"},"thumbnailUrl":"https:\/\/media.nuts.fi\/wp-content\/uploads\/sites\/9\/2024\/08\/28141650\/NUTS-Koykkyri-2023-Rami-Valonen-HIGHRES-25.jpg","datePublished":"2017-07-19T18:21:56+00:00","dateModified":"2025-08-21T14:15:23+00:00","breadcrumb":{"@id":"https:\/\/nutskoykkyri.fi\/en\/register\/#breadcrumb"},"inLanguage":"en-US","potentialAction":[{"@type":"ReadAction","target":["https:\/\/nutskoykkyri.fi\/en\/register\/"]}]},{"@type":"ImageObject","inLanguage":"en-US","@id":"https:\/\/nutskoykkyri.fi\/en\/register\/#primaryimage","url":"https:\/\/media.nuts.fi\/wp-content\/uploads\/sites\/9\/2024\/08\/28141650\/NUTS-Koykkyri-2023-Rami-Valonen-HIGHRES-25.jpg","contentUrl":"https:\/\/media.nuts.fi\/wp-content\/uploads\/sites\/9\/2024\/08\/28141650\/NUTS-Koykkyri-2023-Rami-Valonen-HIGHRES-25.jpg","width":1024,"height":683},{"@type":"BreadcrumbList","@id":"https:\/\/nutskoykkyri.fi\/en\/register\/#breadcrumb","itemListElement":[{"@type":"ListItem","position":1,"name":"Etusivu","item":"https:\/\/nutskoykkyri.fi\/en\/"},{"@type":"ListItem","position":2,"name":"Join Us!"}]},{"@type":"WebSite","@id":"https:\/\/nutskoykkyri.fi\/en\/#website","url":"https:\/\/nutskoykkyri.fi\/en\/","name":"NUTS K\u00f6ykkyri","description":"Ei. Mit\u00e4\u00e4n. J\u00e4rke\u00e4. Ja taas menn\u00e4\u00e4n!","publisher":{"@id":"https:\/\/nutskoykkyri.fi\/en\/#organization"},"potentialAction":[{"@type":"SearchAction","target":{"@type":"EntryPoint","urlTemplate":"https:\/\/nutskoykkyri.fi\/en\/?s={search_term_string}"},"query-input":{"@type":"PropertyValueSpecification","valueRequired":true,"valueName":"search_term_string"}}],"inLanguage":"en-US"},{"@type":"Organization","@id":"https:\/\/nutskoykkyri.fi\/en\/#organization","name":"NUTS K\u00f6ykkyri","url":"https:\/\/nutskoykkyri.fi\/en\/","logo":{"@type":"ImageObject","inLanguage":"en-US","@id":"https:\/\/nutskoykkyri.fi\/en\/#\/schema\/logo\/image\/","url":"https:\/\/media.nuts.fi\/wp-content\/uploads\/sites\/9\/2025\/01\/28141659\/nuts-koykkyri-white.svg","contentUrl":"https:\/\/media.nuts.fi\/wp-content\/uploads\/sites\/9\/2025\/01\/28141659\/nuts-koykkyri-white.svg","caption":"NUTS K\u00f6ykkyri"},"image":{"@id":"https:\/\/nutskoykkyri.fi\/en\/#\/schema\/logo\/image\/"}}]}},"taxonomy_info":[],"featured_image_src_large":["https:\/\/media.nuts.fi\/wp-content\/uploads\/sites\/9\/2024\/08\/28141650\/NUTS-Koykkyri-2023-Rami-Valonen-HIGHRES-25.jpg",1024,683,false],"author_info":{"display_name":"NUTS","author_link":"https:\/\/nutskoykkyri.fi\/en\/author\/user\/"},"comment_info":0,"_links":{"self":[{"href":"https:\/\/nutskoykkyri.fi\/en\/wp-json\/wp\/v2\/pages\/621","targetHints":{"allow":["GET"]}}],"collection":[{"href":"https:\/\/nutskoykkyri.fi\/en\/wp-json\/wp\/v2\/pages"}],"about":[{"href":"https:\/\/nutskoykkyri.fi\/en\/wp-json\/wp\/v2\/types\/page"}],"author":[{"embeddable":true,"href":"https:\/\/nutskoykkyri.fi\/en\/wp-json\/wp\/v2\/users\/1"}],"replies":[{"embeddable":true,"href":"https:\/\/nutskoykkyri.fi\/en\/wp-json\/wp\/v2\/comments?post=621"}],"version-history":[{"count":2,"href":"https:\/\/nutskoykkyri.fi\/en\/wp-json\/wp\/v2\/pages\/621\/revisions"}],"predecessor-version":[{"id":623,"href":"https:\/\/nutskoykkyri.fi\/en\/wp-json\/wp\/v2\/pages\/621\/revisions\/623"}],"wp:featuredmedia":[{"embeddable":true,"href":"https:\/\/nutskoykkyri.fi\/en\/wp-json\/wp\/v2\/media\/565"}],"wp:attachment":[{"href":"https:\/\/nutskoykkyri.fi\/en\/wp-json\/wp\/v2\/media?parent=621"}],"curies":[{"name":"wp","href":"https:\/\/api.w.org\/{rel}","templated":true}]}}