{"id":596,"date":"2017-07-19T21:21:56","date_gmt":"2017-07-19T21:21:56","guid":{"rendered":"https:\/\/nutskoykkyri.fi\/?page_id=596"},"modified":"2025-08-19T12:41:29","modified_gmt":"2025-08-19T12:41:29","slug":"participants","status":"publish","type":"page","link":"https:\/\/nutskoykkyri.fi\/en\/participants\/","title":{"rendered":"Participants"},"content":{"rendered":"<div id=\"divRRPublish\" class=\"RRPublish\"><\/div><script type=\"text\/javascript\" src=\"https:\/\/my.raceresult.com\/RRPublish\/load.js.php?lang=fi\"><\/script><script type=\"text\/javascript\">\n                var rrp=new RRPublish(document.getElementById(\"divRRPublish\"), 356356, \"participants\");\n                rrp.ShowTimerLogo=true;\n                rrp.ShowInfoText=false;\n            <\/script>\n","protected":false},"excerpt":{"rendered":"","protected":false},"author":1,"featured_media":561,"parent":0,"menu_order":0,"comment_status":"closed","ping_status":"closed","template":"","meta":{"_kad_blocks_custom_css":"","_kad_blocks_head_custom_js":"","_kad_blocks_body_custom_js":"","_kad_blocks_footer_custom_js":"","_kad_post_transparent":"","_kad_post_title":"","_kad_post_layout":"","_kad_post_sidebar_id":"","_kad_post_content_style":"","_kad_post_vertical_padding":"","_kad_post_feature":"","_kad_post_feature_position":"","_kad_post_header":false,"_kad_post_footer":false,"_kad_post_classname":"","footnotes":""},"class_list":["post-596","page","type-page","status-publish","has-post-thumbnail","hentry"],"yoast_head":"<!-- This site is optimized with the Yoast SEO plugin v26.8 - https:\/\/yoast.com\/product\/yoast-seo-wordpress\/ -->\n<title>Participants - NUTS K\u00f6ykkyri<\/title>\n<meta name=\"robots\" content=\"index, follow, max-snippet:-1, max-image-preview:large, max-video-preview:-1\" \/>\n<link rel=\"canonical\" href=\"https:\/\/nutskoykkyri.fi\/en\/participants\/\" \/>\n<meta property=\"og:locale\" content=\"en_US\" \/>\n<meta property=\"og:type\" content=\"article\" \/>\n<meta property=\"og:title\" content=\"Participants - NUTS K\u00f6ykkyri\" \/>\n<meta property=\"og:url\" content=\"https:\/\/nutskoykkyri.fi\/en\/participants\/\" \/>\n<meta property=\"og:site_name\" content=\"NUTS K\u00f6ykkyri\" \/>\n<meta property=\"article:modified_time\" content=\"2025-08-19T12:41:29+00:00\" \/>\n<meta property=\"og:image\" content=\"https:\/\/media.nuts.fi\/wp-content\/uploads\/sites\/9\/2024\/08\/28141651\/NUTS-Koykkyri-2023-Rami-Valonen-HIGHRES-7.jpg\" \/>\n\t<meta property=\"og:image:width\" content=\"1024\" \/>\n\t<meta property=\"og:image:height\" content=\"683\" \/>\n\t<meta property=\"og:image:type\" content=\"image\/jpeg\" \/>\n<meta name=\"twitter:card\" content=\"summary_large_image\" \/>\n<script type=\"application\/ld+json\" class=\"yoast-schema-graph\">{\"@context\":\"https:\/\/schema.org\",\"@graph\":[{\"@type\":\"WebPage\",\"@id\":\"https:\/\/nutskoykkyri.fi\/en\/participants\/\",\"url\":\"https:\/\/nutskoykkyri.fi\/en\/participants\/\",\"name\":\"Participants - NUTS K\u00f6ykkyri\",\"isPartOf\":{\"@id\":\"https:\/\/nutskoykkyri.fi\/en\/#website\"},\"primaryImageOfPage\":{\"@id\":\"https:\/\/nutskoykkyri.fi\/en\/participants\/#primaryimage\"},\"image\":{\"@id\":\"https:\/\/nutskoykkyri.fi\/en\/participants\/#primaryimage\"},\"thumbnailUrl\":\"https:\/\/media.nuts.fi\/wp-content\/uploads\/sites\/9\/2024\/08\/28141651\/NUTS-Koykkyri-2023-Rami-Valonen-HIGHRES-7.jpg\",\"datePublished\":\"2017-07-19T21:21:56+00:00\",\"dateModified\":\"2025-08-19T12:41:29+00:00\",\"breadcrumb\":{\"@id\":\"https:\/\/nutskoykkyri.fi\/en\/participants\/#breadcrumb\"},\"inLanguage\":\"en-US\",\"potentialAction\":[{\"@type\":\"ReadAction\",\"target\":[\"https:\/\/nutskoykkyri.fi\/en\/participants\/\"]}]},{\"@type\":\"ImageObject\",\"inLanguage\":\"en-US\",\"@id\":\"https:\/\/nutskoykkyri.fi\/en\/participants\/#primaryimage\",\"url\":\"https:\/\/media.nuts.fi\/wp-content\/uploads\/sites\/9\/2024\/08\/28141651\/NUTS-Koykkyri-2023-Rami-Valonen-HIGHRES-7.jpg\",\"contentUrl\":\"https:\/\/media.nuts.fi\/wp-content\/uploads\/sites\/9\/2024\/08\/28141651\/NUTS-Koykkyri-2023-Rami-Valonen-HIGHRES-7.jpg\",\"width\":1024,\"height\":683},{\"@type\":\"BreadcrumbList\",\"@id\":\"https:\/\/nutskoykkyri.fi\/en\/participants\/#breadcrumb\",\"itemListElement\":[{\"@type\":\"ListItem\",\"position\":1,\"name\":\"Etusivu\",\"item\":\"https:\/\/nutskoykkyri.fi\/en\/\"},{\"@type\":\"ListItem\",\"position\":2,\"name\":\"Participants\"}]},{\"@type\":\"WebSite\",\"@id\":\"https:\/\/nutskoykkyri.fi\/en\/#website\",\"url\":\"https:\/\/nutskoykkyri.fi\/en\/\",\"name\":\"NUTS K\u00f6ykkyri\",\"description\":\"Ei. Mit\u00e4\u00e4n. J\u00e4rke\u00e4. Ja taas menn\u00e4\u00e4n!\",\"publisher\":{\"@id\":\"https:\/\/nutskoykkyri.fi\/en\/#organization\"},\"potentialAction\":[{\"@type\":\"SearchAction\",\"target\":{\"@type\":\"EntryPoint\",\"urlTemplate\":\"https:\/\/nutskoykkyri.fi\/en\/?s={search_term_string}\"},\"query-input\":{\"@type\":\"PropertyValueSpecification\",\"valueRequired\":true,\"valueName\":\"search_term_string\"}}],\"inLanguage\":\"en-US\"},{\"@type\":\"Organization\",\"@id\":\"https:\/\/nutskoykkyri.fi\/en\/#organization\",\"name\":\"NUTS K\u00f6ykkyri\",\"url\":\"https:\/\/nutskoykkyri.fi\/en\/\",\"logo\":{\"@type\":\"ImageObject\",\"inLanguage\":\"en-US\",\"@id\":\"https:\/\/nutskoykkyri.fi\/en\/#\/schema\/logo\/image\/\",\"url\":\"https:\/\/media.nuts.fi\/wp-content\/uploads\/sites\/9\/2025\/01\/28141659\/nuts-koykkyri-white.svg\",\"contentUrl\":\"https:\/\/media.nuts.fi\/wp-content\/uploads\/sites\/9\/2025\/01\/28141659\/nuts-koykkyri-white.svg\",\"caption\":\"NUTS K\u00f6ykkyri\"},\"image\":{\"@id\":\"https:\/\/nutskoykkyri.fi\/en\/#\/schema\/logo\/image\/\"}}]}<\/script>\n<!-- \/ Yoast SEO plugin. -->","yoast_head_json":{"title":"Participants - NUTS K\u00f6ykkyri","robots":{"index":"index","follow":"follow","max-snippet":"max-snippet:-1","max-image-preview":"max-image-preview:large","max-video-preview":"max-video-preview:-1"},"canonical":"https:\/\/nutskoykkyri.fi\/en\/participants\/","og_locale":"en_US","og_type":"article","og_title":"Participants - NUTS K\u00f6ykkyri","og_url":"https:\/\/nutskoykkyri.fi\/en\/participants\/","og_site_name":"NUTS K\u00f6ykkyri","article_modified_time":"2025-08-19T12:41:29+00:00","og_image":[{"width":1024,"height":683,"url":"https:\/\/media.nuts.fi\/wp-content\/uploads\/sites\/9\/2024\/08\/28141651\/NUTS-Koykkyri-2023-Rami-Valonen-HIGHRES-7.jpg","type":"image\/jpeg"}],"twitter_card":"summary_large_image","schema":{"@context":"https:\/\/schema.org","@graph":[{"@type":"WebPage","@id":"https:\/\/nutskoykkyri.fi\/en\/participants\/","url":"https:\/\/nutskoykkyri.fi\/en\/participants\/","name":"Participants - NUTS K\u00f6ykkyri","isPartOf":{"@id":"https:\/\/nutskoykkyri.fi\/en\/#website"},"primaryImageOfPage":{"@id":"https:\/\/nutskoykkyri.fi\/en\/participants\/#primaryimage"},"image":{"@id":"https:\/\/nutskoykkyri.fi\/en\/participants\/#primaryimage"},"thumbnailUrl":"https:\/\/media.nuts.fi\/wp-content\/uploads\/sites\/9\/2024\/08\/28141651\/NUTS-Koykkyri-2023-Rami-Valonen-HIGHRES-7.jpg","datePublished":"2017-07-19T21:21:56+00:00","dateModified":"2025-08-19T12:41:29+00:00","breadcrumb":{"@id":"https:\/\/nutskoykkyri.fi\/en\/participants\/#breadcrumb"},"inLanguage":"en-US","potentialAction":[{"@type":"ReadAction","target":["https:\/\/nutskoykkyri.fi\/en\/participants\/"]}]},{"@type":"ImageObject","inLanguage":"en-US","@id":"https:\/\/nutskoykkyri.fi\/en\/participants\/#primaryimage","url":"https:\/\/media.nuts.fi\/wp-content\/uploads\/sites\/9\/2024\/08\/28141651\/NUTS-Koykkyri-2023-Rami-Valonen-HIGHRES-7.jpg","contentUrl":"https:\/\/media.nuts.fi\/wp-content\/uploads\/sites\/9\/2024\/08\/28141651\/NUTS-Koykkyri-2023-Rami-Valonen-HIGHRES-7.jpg","width":1024,"height":683},{"@type":"BreadcrumbList","@id":"https:\/\/nutskoykkyri.fi\/en\/participants\/#breadcrumb","itemListElement":[{"@type":"ListItem","position":1,"name":"Etusivu","item":"https:\/\/nutskoykkyri.fi\/en\/"},{"@type":"ListItem","position":2,"name":"Participants"}]},{"@type":"WebSite","@id":"https:\/\/nutskoykkyri.fi\/en\/#website","url":"https:\/\/nutskoykkyri.fi\/en\/","name":"NUTS K\u00f6ykkyri","description":"Ei. Mit\u00e4\u00e4n. J\u00e4rke\u00e4. Ja taas menn\u00e4\u00e4n!","publisher":{"@id":"https:\/\/nutskoykkyri.fi\/en\/#organization"},"potentialAction":[{"@type":"SearchAction","target":{"@type":"EntryPoint","urlTemplate":"https:\/\/nutskoykkyri.fi\/en\/?s={search_term_string}"},"query-input":{"@type":"PropertyValueSpecification","valueRequired":true,"valueName":"search_term_string"}}],"inLanguage":"en-US"},{"@type":"Organization","@id":"https:\/\/nutskoykkyri.fi\/en\/#organization","name":"NUTS K\u00f6ykkyri","url":"https:\/\/nutskoykkyri.fi\/en\/","logo":{"@type":"ImageObject","inLanguage":"en-US","@id":"https:\/\/nutskoykkyri.fi\/en\/#\/schema\/logo\/image\/","url":"https:\/\/media.nuts.fi\/wp-content\/uploads\/sites\/9\/2025\/01\/28141659\/nuts-koykkyri-white.svg","contentUrl":"https:\/\/media.nuts.fi\/wp-content\/uploads\/sites\/9\/2025\/01\/28141659\/nuts-koykkyri-white.svg","caption":"NUTS K\u00f6ykkyri"},"image":{"@id":"https:\/\/nutskoykkyri.fi\/en\/#\/schema\/logo\/image\/"}}]}},"taxonomy_info":[],"featured_image_src_large":["https:\/\/media.nuts.fi\/wp-content\/uploads\/sites\/9\/2024\/08\/28141651\/NUTS-Koykkyri-2023-Rami-Valonen-HIGHRES-7.jpg",1024,683,false],"author_info":{"display_name":"NUTS","author_link":"https:\/\/nutskoykkyri.fi\/en\/author\/user\/"},"comment_info":0,"_links":{"self":[{"href":"https:\/\/nutskoykkyri.fi\/en\/wp-json\/wp\/v2\/pages\/596","targetHints":{"allow":["GET"]}}],"collection":[{"href":"https:\/\/nutskoykkyri.fi\/en\/wp-json\/wp\/v2\/pages"}],"about":[{"href":"https:\/\/nutskoykkyri.fi\/en\/wp-json\/wp\/v2\/types\/page"}],"author":[{"embeddable":true,"href":"https:\/\/nutskoykkyri.fi\/en\/wp-json\/wp\/v2\/users\/1"}],"replies":[{"embeddable":true,"href":"https:\/\/nutskoykkyri.fi\/en\/wp-json\/wp\/v2\/comments?post=596"}],"version-history":[{"count":1,"href":"https:\/\/nutskoykkyri.fi\/en\/wp-json\/wp\/v2\/pages\/596\/revisions"}],"predecessor-version":[{"id":597,"href":"https:\/\/nutskoykkyri.fi\/en\/wp-json\/wp\/v2\/pages\/596\/revisions\/597"}],"wp:featuredmedia":[{"embeddable":true,"href":"https:\/\/nutskoykkyri.fi\/en\/wp-json\/wp\/v2\/media\/561"}],"wp:attachment":[{"href":"https:\/\/nutskoykkyri.fi\/en\/wp-json\/wp\/v2\/media?parent=596"}],"curies":[{"name":"wp","href":"https:\/\/api.w.org\/{rel}","templated":true}]}}